{"id":247,"date":"2025-06-24T08:31:49","date_gmt":"2025-06-24T08:31:49","guid":{"rendered":"https:\/\/laltamarea.it\/oeufs-de-mulet\/"},"modified":"2025-06-25T11:09:47","modified_gmt":"2025-06-25T11:09:47","slug":"oeufs-de-mulet","status":"publish","type":"page","link":"https:\/\/laltamarea.it\/fr\/oeufs-de-mulet\/","title":{"rendered":"\u0152ufs de mulet"},"content":{"rendered":"\t\t<div data-elementor-type=\"wp-page\" data-elementor-id=\"247\" class=\"elementor elementor-247 elementor-188\" data-elementor-post-type=\"page\">\n\t\t\t\t<div class=\"elementor-element elementor-element-47008f5 e-con-full e-flex e-con e-parent\" data-id=\"47008f5\" data-element_type=\"container\" data-e-type=\"container\" data-settings=\"{&quot;shape_divider_top&quot;:&quot;mountains&quot;,&quot;shape_divider_bottom&quot;:&quot;mountains&quot;}\">\n\t\t\t\t<div class=\"elementor-shape elementor-shape-top\" aria-hidden=\"true\" data-negative=\"false\">\n\t\t\t<svg xmlns=\"http:\/\/www.w3.org\/2000\/svg\" viewBox=\"0 0 1000 100\" preserveAspectRatio=\"none\">\n\t<path class=\"elementor-shape-fill\" opacity=\"0.33\" d=\"M473,67.3c-203.9,88.3-263.1-34-320.3,0C66,119.1,0,59.7,0,59.7V0h1000v59.7 c0,0-62.1,26.1-94.9,29.3c-32.8,3.3-62.8-12.3-75.8-22.1C806,49.6,745.3,8.7,694.9,4.7S492.4,59,473,67.3z\"\/>\n\t<path class=\"elementor-shape-fill\" opacity=\"0.66\" d=\"M734,67.3c-45.5,0-77.2-23.2-129.1-39.1c-28.6-8.7-150.3-10.1-254,39.1 s-91.7-34.4-149.2,0C115.7,118.3,0,39.8,0,39.8V0h1000v36.5c0,0-28.2-18.5-92.1-18.5C810.2,18.1,775.7,67.3,734,67.3z\"\/>\n\t<path class=\"elementor-shape-fill\" d=\"M766.1,28.9c-200-57.5-266,65.5-395.1,19.5C242,1.8,242,5.4,184.8,20.6C128,35.8,132.3,44.9,89.9,52.5C28.6,63.7,0,0,0,0 h1000c0,0-9.9,40.9-83.6,48.1S829.6,47,766.1,28.9z\"\/>\n<\/svg>\t\t<\/div>\n\t\t\t\t<div class=\"elementor-shape elementor-shape-bottom\" aria-hidden=\"true\" data-negative=\"false\">\n\t\t\t<svg xmlns=\"http:\/\/www.w3.org\/2000\/svg\" viewBox=\"0 0 1000 100\" preserveAspectRatio=\"none\">\n\t<path class=\"elementor-shape-fill\" opacity=\"0.33\" d=\"M473,67.3c-203.9,88.3-263.1-34-320.3,0C66,119.1,0,59.7,0,59.7V0h1000v59.7 c0,0-62.1,26.1-94.9,29.3c-32.8,3.3-62.8-12.3-75.8-22.1C806,49.6,745.3,8.7,694.9,4.7S492.4,59,473,67.3z\"\/>\n\t<path class=\"elementor-shape-fill\" opacity=\"0.66\" d=\"M734,67.3c-45.5,0-77.2-23.2-129.1-39.1c-28.6-8.7-150.3-10.1-254,39.1 s-91.7-34.4-149.2,0C115.7,118.3,0,39.8,0,39.8V0h1000v36.5c0,0-28.2-18.5-92.1-18.5C810.2,18.1,775.7,67.3,734,67.3z\"\/>\n\t<path class=\"elementor-shape-fill\" d=\"M766.1,28.9c-200-57.5-266,65.5-395.1,19.5C242,1.8,242,5.4,184.8,20.6C128,35.8,132.3,44.9,89.9,52.5C28.6,63.7,0,0,0,0 h1000c0,0-9.9,40.9-83.6,48.1S829.6,47,766.1,28.9z\"\/>\n<\/svg>\t\t<\/div>\n\t\t\t\t<div class=\"elementor-element elementor-element-1a7d45f elementor-widget elementor-widget-image\" data-id=\"1a7d45f\" data-element_type=\"widget\" data-e-type=\"widget\" data-widget_type=\"image.default\">\n\t\t\t\t<div class=\"elementor-widget-container\">\n\t\t\t\t\t\t\t\t\t\t\t\t\t\t\t<img fetchpriority=\"high\" decoding=\"async\" width=\"1920\" height=\"1080\" src=\"https:\/\/laltamarea.it\/wp-content\/uploads\/2025\/06\/slide-home-01.jpg\" class=\"attachment-full size-full wp-image-202\" alt=\"\" srcset=\"https:\/\/laltamarea.it\/wp-content\/uploads\/2025\/06\/slide-home-01.jpg 1920w, https:\/\/laltamarea.it\/wp-content\/uploads\/2025\/06\/slide-home-01-300x169.jpg 300w, https:\/\/laltamarea.it\/wp-content\/uploads\/2025\/06\/slide-home-01-1024x576.jpg 1024w, https:\/\/laltamarea.it\/wp-content\/uploads\/2025\/06\/slide-home-01-768x432.jpg 768w, https:\/\/laltamarea.it\/wp-content\/uploads\/2025\/06\/slide-home-01-1536x864.jpg 1536w\" sizes=\"(max-width: 1920px) 100vw, 1920px\" \/>\t\t\t\t\t\t\t\t\t\t\t\t\t\t\t<\/div>\n\t\t\t\t<\/div>\n\t\t\t\t<\/div>\n\t\t<div class=\"elementor-element elementor-element-9f8da10 e-flex e-con-boxed e-con e-parent\" data-id=\"9f8da10\" data-element_type=\"container\" data-e-type=\"container\">\n\t\t\t\t\t<div class=\"e-con-inner\">\n\t\t\t\t<div class=\"elementor-element elementor-element-2d34c0e elementor-widget elementor-widget-heading\" data-id=\"2d34c0e\" data-element_type=\"widget\" data-e-type=\"widget\" data-widget_type=\"heading.default\">\n\t\t\t\t<div class=\"elementor-widget-container\">\n\t\t\t\t\t<h2 class=\"elementor-heading-title elementor-size-default\">Botargo de mulet : un tr\u00e9sor sarde\n\n<\/h2>\t\t\t\t<\/div>\n\t\t\t\t<\/div>\n\t\t\t\t\t<\/div>\n\t\t\t\t<\/div>\n\t\t<div class=\"elementor-element elementor-element-3f4b71c e-flex e-con-boxed e-con e-parent\" data-id=\"3f4b71c\" data-element_type=\"container\" data-e-type=\"container\">\n\t\t\t\t\t<div class=\"e-con-inner\">\n\t\t\t\t<div class=\"elementor-element elementor-element-62cc819 elementor-widget elementor-widget-text-editor\" data-id=\"62cc819\" data-element_type=\"widget\" data-e-type=\"widget\" data-widget_type=\"text-editor.default\">\n\t\t\t\t<div class=\"elementor-widget-container\">\n\t\t\t\t\t\t\t\t\tLes \u0153ufs de mulet sont un ingr\u00e9dient pr\u00e9cieux et polyvalent, id\u00e9al pour enrichir les hors-d&rsquo;\u0153uvre, les salades ou les plats de p\u00e2tes d&rsquo;une touche de saveur marine authentique. Il est obtenu \u00e0 partir des \u0153ufs de mulet, qui sont soigneusement lav\u00e9s, sal\u00e9s, press\u00e9s et s\u00e9ch\u00e9s dans un environnement frais et sombre. Le r\u00e9sultat est une \u00ab\u00a0baffa\u00a0\u00bb dor\u00e9e \u00e0 l&rsquo;ar\u00f4me intense et \u00e0 la saveur prononc\u00e9e, capable de transformer n&rsquo;importe quel plat en une exp\u00e9rience gastronomique.\n\n\t\t\t\t\t\t\t\t<\/div>\n\t\t\t\t<\/div>\n\t\t\t\t\t<\/div>\n\t\t\t\t<\/div>\n\t\t<div class=\"elementor-element elementor-element-bb4f266 e-flex e-con-boxed e-con e-parent\" data-id=\"bb4f266\" data-element_type=\"container\" data-e-type=\"container\">\n\t\t\t\t\t<div class=\"e-con-inner\">\n\t\t\t\t<div class=\"elementor-element elementor-element-9176776 elementor-widget elementor-widget-heading\" data-id=\"9176776\" data-element_type=\"widget\" data-e-type=\"widget\" data-widget_type=\"heading.default\">\n\t\t\t\t<div class=\"elementor-widget-container\">\n\t\t\t\t\t<h2 class=\"elementor-heading-title elementor-size-default\">Origine de botargo\n\n\n<\/h2>\t\t\t\t<\/div>\n\t\t\t\t<\/div>\n\t\t\t\t<div class=\"elementor-element elementor-element-d82fe5a elementor-widget elementor-widget-text-editor\" data-id=\"d82fe5a\" data-element_type=\"widget\" data-e-type=\"widget\" data-widget_type=\"text-editor.default\">\n\t\t\t\t<div class=\"elementor-widget-container\">\n\t\t\t\t\t\t\t\t\tLa tradition du botargo en Sardaigne remonte \u00e0 des centaines d&rsquo;ann\u00e9es. Les zones de production les plus importantes sont les zones c\u00f4ti\u00e8res, o\u00f9 les m\u00e9thodes artisanales sont encore transmises. La qualit\u00e9 du botargo provient de la p\u00eache : seuls les mulets de taille id\u00e9ale sont s\u00e9lectionn\u00e9s et les \u0153ufs sont extraits exclusivement \u00e0 la main, afin de pr\u00e9server l&rsquo;int\u00e9grit\u00e9 et la qualit\u00e9.\n\n\t\t\t\t\t\t\t\t<\/div>\n\t\t\t\t<\/div>\n\t\t\t\t\t<\/div>\n\t\t\t\t<\/div>\n\t\t<div class=\"elementor-element elementor-element-a94900d e-flex e-con-boxed e-con e-parent\" data-id=\"a94900d\" data-element_type=\"container\" data-e-type=\"container\">\n\t\t\t\t\t<div class=\"e-con-inner\">\n\t\t\t\t<div class=\"elementor-element elementor-element-aa84ea8 elementor-widget elementor-widget-heading\" data-id=\"aa84ea8\" data-element_type=\"widget\" data-e-type=\"widget\" data-widget_type=\"heading.default\">\n\t\t\t\t<div class=\"elementor-widget-container\">\n\t\t\t\t\t<h2 class=\"elementor-heading-title elementor-size-default\">Notre botargo\n\n\n<\/h2>\t\t\t\t<\/div>\n\t\t\t\t<\/div>\n\t\t\t\t<div class=\"elementor-element elementor-element-445afc8 elementor-widget elementor-widget-text-editor\" data-id=\"445afc8\" data-element_type=\"widget\" data-e-type=\"widget\" data-widget_type=\"text-editor.default\">\n\t\t\t\t<div class=\"elementor-widget-container\">\n\t\t\t\t\t\t\t\t\t<p>Notre rogue est le fruit d&rsquo;une transformation ancienne, r\u00e9alis\u00e9e avec soin, exp\u00e9rience et passion. Chaque \u00e9tape du processus &#8211; de la s\u00e9lection du poisson au s\u00e9chage &#8211; est r\u00e9alis\u00e9e avec une rigueur artisanale, afin de garantir un produit de la plus haute qualit\u00e9, \u00e0 l&rsquo;ar\u00f4me incomparable et \u00e0 la couleur dor\u00e9e et brillante.<\/p><p style=\"font-weight: 400;\"><strong>D\u00e9couvrez la v\u00e9ritable essence de la mer dans chaque tranche.<\/strong><\/p>\t\t\t\t\t\t\t\t<\/div>\n\t\t\t\t<\/div>\n\t\t\t\t\t<\/div>\n\t\t\t\t<\/div>\n\t\t\t\t<\/div>\n\t\t","protected":false},"excerpt":{"rendered":"<p>Botargo de mulet : un tr\u00e9sor sarde Les \u0153ufs de mulet sont un ingr\u00e9dient pr\u00e9cieux et polyvalent, id\u00e9al pour enrichir les hors-d&rsquo;\u0153uvre, les salades ou les plats de p\u00e2tes d&rsquo;une touche de saveur marine authentique. Il est obtenu \u00e0 partir des \u0153ufs de mulet, qui sont soigneusement lav\u00e9s, sal\u00e9s, press\u00e9s et s\u00e9ch\u00e9s dans un environnement [&hellip;]<\/p>\n","protected":false},"author":1,"featured_media":0,"parent":0,"menu_order":0,"comment_status":"closed","ping_status":"closed","template":"","meta":{"footnotes":""},"class_list":["post-247","page","type-page","status-publish","hentry"],"_links":{"self":[{"href":"https:\/\/laltamarea.it\/fr\/wp-json\/wp\/v2\/pages\/247","targetHints":{"allow":["GET"]}}],"collection":[{"href":"https:\/\/laltamarea.it\/fr\/wp-json\/wp\/v2\/pages"}],"about":[{"href":"https:\/\/laltamarea.it\/fr\/wp-json\/wp\/v2\/types\/page"}],"author":[{"embeddable":true,"href":"https:\/\/laltamarea.it\/fr\/wp-json\/wp\/v2\/users\/1"}],"replies":[{"embeddable":true,"href":"https:\/\/laltamarea.it\/fr\/wp-json\/wp\/v2\/comments?post=247"}],"version-history":[{"count":1,"href":"https:\/\/laltamarea.it\/fr\/wp-json\/wp\/v2\/pages\/247\/revisions"}],"predecessor-version":[{"id":248,"href":"https:\/\/laltamarea.it\/fr\/wp-json\/wp\/v2\/pages\/247\/revisions\/248"}],"wp:attachment":[{"href":"https:\/\/laltamarea.it\/fr\/wp-json\/wp\/v2\/media?parent=247"}],"curies":[{"name":"wp","href":"https:\/\/api.w.org\/{rel}","templated":true}]}}